{"id":1440,"date":"2025-05-01T09:02:25","date_gmt":"2025-05-01T09:02:25","guid":{"rendered":"https:\/\/nevada.legacytraditional.org\/northvalley\/?page_id=1440"},"modified":"2025-07-24T14:26:11","modified_gmt":"2025-07-24T21:26:11","slug":"online-attendance-form-spanish","status":"publish","type":"page","link":"https:\/\/nevada.ltcs.co\/northvalley\/online-attendance-form-spanish\/","title":{"rendered":"Online Attendance Form (Spanish)"},"content":{"rendered":"\n<div class=\"wp-block-group alignwide has-global-padding is-layout-constrained wp-block-group-is-layout-constrained\" style=\"margin-top:var(--wp--preset--spacing--16);margin-bottom:var(--wp--preset--spacing--16);padding-top:var(--wp--preset--spacing--16);padding-bottom:var(--wp--preset--spacing--64)\">\n<h2 class=\"wp-block-heading is-style-divider-top-center\">En l\u00ednea La asistencia<\/h2>\n<\/div>\n\n\n\n<div class=\"wp-block-group alignfull is-style-background-logo-small has-global-padding is-layout-constrained wp-container-core-group-is-layout-acadae8c wp-block-group-is-layout-constrained\" style=\"padding-top:var(--wp--preset--spacing--110);padding-bottom:var(--wp--preset--spacing--110)\">\n<div class=\"wp-block-columns is-layout-flex wp-container-core-columns-is-layout-28f84493 wp-block-columns-is-layout-flex\">\n<div class=\"wp-block-column is-layout-flow wp-block-column-is-layout-flow\">\n<p>En Legacy Traditional Schools, entendemos que, en ocasiones, las ausencias pueden ser inevitables debido a diversas circunstancias. Agradecemos su continuo compromiso con la educaci\u00f3n de su hijo(a). Sin embargo, queremos enfatizar el papel fundamental que la asistencia constante desempe\u00f1a en el \u00e9xito acad\u00e9mico y el bienestar general de su hijo(a).<\/p>\n\n\n\n<p>Los estudiantes que faltan un n\u00famero considerable de d\u00edas escolares corren un mayor riesgo de:<\/p>\n\n\n\n<ul class=\"wp-block-list\">\n<li>Quedarse atr\u00e1s acad\u00e9micamente<\/li>\n\n\n\n<li>Ser retenidos y no ser promovidos al siguiente grado<\/li>\n\n\n\n<li>Ser reportados al Estado de Nevada como cr\u00f3nicamente ausentes<\/li>\n\n\n\n<li>Tener dificultades para formar y mantener relaciones con compa\u00f1eros y maestros<\/li>\n<\/ul>\n\n\n\n<p>Para garantizar un registro preciso y apoyar el progreso educativo de su hijo(a), por favor complete el formulario adjunto para proporcionar el motivo de cada ausencia. Adem\u00e1s, adjunte una nota m\u00e9dica cuando sea posible. Las notas m\u00e9dicas cambian el c\u00f3digo de ausencia para que no cuente como ausentismo cr\u00f3nico.<\/p>\n\n\n\n<p>Agradecemos su cooperaci\u00f3n y su compromiso con la educaci\u00f3n de su hijo(a).<\/p>\n\n\n\n<p><a href=\"https:\/\/www.parentsquare.com\/feeds\/53834951\" target=\"_blank\" rel=\"noreferrer noopener\">Report Student Attendance<\/a><\/p>\n\n\n\n<p>Tenga en cuenta que solo las ausencias justificadas con una nota m\u00e9dica firmada ser\u00e1n excusadas. Cualquier otra ausencia reportada ser\u00e1 verificada, pero a\u00fan contar\u00e1 en contra de la asistencia general del estudiante.<\/p>\n\n\n\n<ul class=\"wp-block-list\">\n<li>Los estudiantes ser\u00e1n dados de baja autom\u00e1ticamente despu\u00e9s de 10 ausencias consecutivas si se desconoce su paradero.<\/li>\n\n\n\n<li>Los estudiantes ser\u00e1n dados de baja autom\u00e1ticamente despu\u00e9s de 20 ausencias consecutivas.<\/li>\n<\/ul>\n\n\n\n<p><strong>Primaria \u2013&nbsp;<\/strong>Los estudiantes que acumulen 18 ausencias en un a\u00f1o escolar pueden ser retenidos y no avanzar al siguiente grado.<br><strong>Secundaria (Middle School) \u2013&nbsp;<\/strong>Los estudiantes perder\u00e1n el cr\u00e9dito de cualquier clase en la que acumulen 10 o m\u00e1s ausencias injustificadas por semestre.<\/p>\n<\/div>\n<\/div>\n<\/div>\n","protected":false},"excerpt":{"rendered":"<p>En l\u00ednea La asistencia En Legacy Traditional Schools, entendemos que, en ocasiones, las ausencias pueden ser inevitables debido a diversas circunstancias. Agradecemos su continuo compromiso con la educaci\u00f3n de su hijo(a). Sin embargo, queremos enfatizar el papel fundamental que la asistencia constante desempe\u00f1a en el \u00e9xito acad\u00e9mico y el bienestar general de su hijo(a). Los [&hellip;]<\/p>\n","protected":false},"author":13,"featured_media":0,"parent":0,"menu_order":0,"comment_status":"closed","ping_status":"closed","template":"single-lts_student_story","meta":{"_acf_changed":false,"footnotes":""},"class_list":["post-1440","page","type-page","status-publish","hentry"],"acf":[],"yoast_head":"<!-- This site is optimized with the Yoast SEO Premium plugin v26.0 (Yoast SEO v26.3) - https:\/\/yoast.com\/wordpress\/plugins\/seo\/ -->\n<title>Online Attendance Form (Spanish) - North Valley | Legacy Traditional School<\/title>\n<meta name=\"robots\" content=\"noindex, follow, max-snippet:-1, max-image-preview:large, max-video-preview:-1\" \/>\n<meta property=\"og:locale\" content=\"en_US\" \/>\n<meta property=\"og:type\" content=\"article\" \/>\n<meta property=\"og:title\" content=\"Online Attendance Form (Spanish)\" \/>\n<meta property=\"og:description\" content=\"En l\u00ednea La asistencia En Legacy Traditional Schools, entendemos que, en ocasiones, las ausencias pueden ser inevitables debido a diversas circunstancias. Agradecemos su continuo compromiso con la educaci\u00f3n de su hijo(a). Sin embargo, queremos enfatizar el papel fundamental que la asistencia constante desempe\u00f1a en el \u00e9xito acad\u00e9mico y el bienestar general de su hijo(a). Los [&hellip;]\" \/>\n<meta property=\"og:url\" content=\"https:\/\/nevada.ltcs.co\/northvalley\/online-attendance-form-spanish\/\" \/>\n<meta property=\"og:site_name\" content=\"North Valley | Legacy Traditional School\" \/>\n<meta property=\"article:modified_time\" content=\"2025-07-24T21:26:11+00:00\" \/>\n<meta name=\"twitter:card\" content=\"summary_large_image\" \/>\n<meta name=\"twitter:label1\" content=\"Est. reading time\" \/>\n\t<meta name=\"twitter:data1\" content=\"2 minutes\" \/>\n<script type=\"application\/ld+json\" class=\"yoast-schema-graph\">{\"@context\":\"https:\/\/schema.org\",\"@graph\":[{\"@type\":\"WebPage\",\"@id\":\"https:\/\/nevada.ltcs.co\/northvalley\/online-attendance-form-spanish\/\",\"url\":\"https:\/\/nevada.ltcs.co\/northvalley\/online-attendance-form-spanish\/\",\"name\":\"Online Attendance Form (Spanish) - North Valley | Legacy Traditional School\",\"isPartOf\":{\"@id\":\"https:\/\/nevada.ltcs.co\/northvalley\/#website\"},\"datePublished\":\"2025-05-01T09:02:25+00:00\",\"dateModified\":\"2025-07-24T21:26:11+00:00\",\"breadcrumb\":{\"@id\":\"https:\/\/nevada.ltcs.co\/northvalley\/online-attendance-form-spanish\/#breadcrumb\"},\"inLanguage\":\"en-US\",\"potentialAction\":[{\"@type\":\"ReadAction\",\"target\":[\"https:\/\/nevada.ltcs.co\/northvalley\/online-attendance-form-spanish\/\"]}]},{\"@type\":\"BreadcrumbList\",\"@id\":\"https:\/\/nevada.ltcs.co\/northvalley\/online-attendance-form-spanish\/#breadcrumb\",\"itemListElement\":[{\"@type\":\"ListItem\",\"position\":1,\"name\":\"Home\",\"item\":\"https:\/\/nevada.ltcs.co\/northvalley\/\"},{\"@type\":\"ListItem\",\"position\":2,\"name\":\"Online Attendance Form (Spanish)\"}]},{\"@type\":\"WebSite\",\"@id\":\"https:\/\/nevada.ltcs.co\/northvalley\/#website\",\"url\":\"https:\/\/nevada.ltcs.co\/northvalley\/\",\"name\":\"North Valley | Legacy Traditional School\",\"description\":\"\",\"publisher\":{\"@id\":\"https:\/\/nevada.ltcs.co\/northvalley\/#organization\"},\"potentialAction\":[{\"@type\":\"SearchAction\",\"target\":{\"@type\":\"EntryPoint\",\"urlTemplate\":\"https:\/\/nevada.ltcs.co\/northvalley\/?s={search_term_string}\"},\"query-input\":{\"@type\":\"PropertyValueSpecification\",\"valueRequired\":true,\"valueName\":\"search_term_string\"}}],\"inLanguage\":\"en-US\"},{\"@type\":\"Organization\",\"@id\":\"https:\/\/nevada.ltcs.co\/northvalley\/#organization\",\"name\":\"North Valley | Legacy Traditional School\",\"url\":\"https:\/\/nevada.ltcs.co\/northvalley\/\",\"logo\":{\"@type\":\"ImageObject\",\"inLanguage\":\"en-US\",\"@id\":\"https:\/\/nevada.ltcs.co\/northvalley\/#\/schema\/logo\/image\/\",\"url\":\"https:\/\/nevada.ltcs.co\/northvalley\/wp-content\/uploads\/sites\/4\/sites\/56\/2025\/05\/logo.svg\",\"contentUrl\":\"https:\/\/nevada.ltcs.co\/northvalley\/wp-content\/uploads\/sites\/4\/sites\/56\/2025\/05\/logo.svg\",\"width\":240,\"height\":76,\"caption\":\"North Valley | Legacy Traditional School\"},\"image\":{\"@id\":\"https:\/\/nevada.ltcs.co\/northvalley\/#\/schema\/logo\/image\/\"}}]}<\/script>\n<!-- \/ Yoast SEO Premium plugin. -->","yoast_head_json":{"title":"Online Attendance Form (Spanish) - North Valley | Legacy Traditional School","robots":{"index":"noindex","follow":"follow","max-snippet":"max-snippet:-1","max-image-preview":"max-image-preview:large","max-video-preview":"max-video-preview:-1"},"og_locale":"en_US","og_type":"article","og_title":"Online Attendance Form (Spanish)","og_description":"En l\u00ednea La asistencia En Legacy Traditional Schools, entendemos que, en ocasiones, las ausencias pueden ser inevitables debido a diversas circunstancias. Agradecemos su continuo compromiso con la educaci\u00f3n de su hijo(a). Sin embargo, queremos enfatizar el papel fundamental que la asistencia constante desempe\u00f1a en el \u00e9xito acad\u00e9mico y el bienestar general de su hijo(a). Los [&hellip;]","og_url":"https:\/\/nevada.ltcs.co\/northvalley\/online-attendance-form-spanish\/","og_site_name":"North Valley | Legacy Traditional School","article_modified_time":"2025-07-24T21:26:11+00:00","twitter_card":"summary_large_image","twitter_misc":{"Est. reading time":"2 minutes"},"schema":{"@context":"https:\/\/schema.org","@graph":[{"@type":"WebPage","@id":"https:\/\/nevada.ltcs.co\/northvalley\/online-attendance-form-spanish\/","url":"https:\/\/nevada.ltcs.co\/northvalley\/online-attendance-form-spanish\/","name":"Online Attendance Form (Spanish) - North Valley | Legacy Traditional School","isPartOf":{"@id":"https:\/\/nevada.ltcs.co\/northvalley\/#website"},"datePublished":"2025-05-01T09:02:25+00:00","dateModified":"2025-07-24T21:26:11+00:00","breadcrumb":{"@id":"https:\/\/nevada.ltcs.co\/northvalley\/online-attendance-form-spanish\/#breadcrumb"},"inLanguage":"en-US","potentialAction":[{"@type":"ReadAction","target":["https:\/\/nevada.ltcs.co\/northvalley\/online-attendance-form-spanish\/"]}]},{"@type":"BreadcrumbList","@id":"https:\/\/nevada.ltcs.co\/northvalley\/online-attendance-form-spanish\/#breadcrumb","itemListElement":[{"@type":"ListItem","position":1,"name":"Home","item":"https:\/\/nevada.ltcs.co\/northvalley\/"},{"@type":"ListItem","position":2,"name":"Online Attendance Form (Spanish)"}]},{"@type":"WebSite","@id":"https:\/\/nevada.ltcs.co\/northvalley\/#website","url":"https:\/\/nevada.ltcs.co\/northvalley\/","name":"North Valley | Legacy Traditional School","description":"","publisher":{"@id":"https:\/\/nevada.ltcs.co\/northvalley\/#organization"},"potentialAction":[{"@type":"SearchAction","target":{"@type":"EntryPoint","urlTemplate":"https:\/\/nevada.ltcs.co\/northvalley\/?s={search_term_string}"},"query-input":{"@type":"PropertyValueSpecification","valueRequired":true,"valueName":"search_term_string"}}],"inLanguage":"en-US"},{"@type":"Organization","@id":"https:\/\/nevada.ltcs.co\/northvalley\/#organization","name":"North Valley | Legacy Traditional School","url":"https:\/\/nevada.ltcs.co\/northvalley\/","logo":{"@type":"ImageObject","inLanguage":"en-US","@id":"https:\/\/nevada.ltcs.co\/northvalley\/#\/schema\/logo\/image\/","url":"https:\/\/nevada.ltcs.co\/northvalley\/wp-content\/uploads\/sites\/4\/sites\/56\/2025\/05\/logo.svg","contentUrl":"https:\/\/nevada.ltcs.co\/northvalley\/wp-content\/uploads\/sites\/4\/sites\/56\/2025\/05\/logo.svg","width":240,"height":76,"caption":"North Valley | Legacy Traditional School"},"image":{"@id":"https:\/\/nevada.ltcs.co\/northvalley\/#\/schema\/logo\/image\/"}}]}},"_links":{"self":[{"href":"https:\/\/nevada.ltcs.co\/northvalley\/wp-json\/wp\/v2\/pages\/1440","targetHints":{"allow":["GET"]}}],"collection":[{"href":"https:\/\/nevada.ltcs.co\/northvalley\/wp-json\/wp\/v2\/pages"}],"about":[{"href":"https:\/\/nevada.ltcs.co\/northvalley\/wp-json\/wp\/v2\/types\/page"}],"author":[{"embeddable":true,"href":"https:\/\/nevada.ltcs.co\/northvalley\/wp-json\/wp\/v2\/users\/13"}],"replies":[{"embeddable":true,"href":"https:\/\/nevada.ltcs.co\/northvalley\/wp-json\/wp\/v2\/comments?post=1440"}],"version-history":[{"count":6,"href":"https:\/\/nevada.ltcs.co\/northvalley\/wp-json\/wp\/v2\/pages\/1440\/revisions"}],"predecessor-version":[{"id":1667,"href":"https:\/\/nevada.ltcs.co\/northvalley\/wp-json\/wp\/v2\/pages\/1440\/revisions\/1667"}],"wp:attachment":[{"href":"https:\/\/nevada.ltcs.co\/northvalley\/wp-json\/wp\/v2\/media?parent=1440"}],"curies":[{"name":"wp","href":"https:\/\/api.w.org\/{rel}","templated":true}]}}